{"id":98,"date":"2025-09-26T12:57:59","date_gmt":"2025-09-26T15:57:59","guid":{"rendered":"https:\/\/www.ufpb.br\/bscpt\/?page_id=98"},"modified":"2025-10-22T15:44:37","modified_gmt":"2025-10-22T18:44:37","slug":"regimento-do-sistema-de-bibliotecas","status":"publish","type":"page","link":"https:\/\/www.cpt.ufpb.br\/biblioteca\/regimento-do-sistema-de-bibliotecas\/","title":{"rendered":"Regimento do Sistema de Bibliotecas"},"content":{"rendered":"\n<p>O documento aprova e regulamenta o Regimento Interno do Sistema de Bibliotecas da Universidade Federal da Para\u00edba (SISTEMOTECA), estabelecendo sua estrutura, objetivos e funcionamento. O SISTEMOTECA \u00e9 composto pela Biblioteca Central e Bibliotecas Setoriais, com o objetivo de integrar e harmonizar as atividades educacionais, cient\u00edficas e culturais da UFPB, al\u00e9m de apoiar programas de ensino, pesquisa e extens\u00e3o.<\/p>\n\n\n\n<div class=\"wp-block-file\"><a id=\"wp-block-file--media-3327664b-9ac7-4084-8b93-61fa295396f1\" href=\"http:\/\/www.cpt.ufpb.br\/biblioteca\/wp-content\/uploads\/sites\/79\/sites\/390\/2025\/10\/DOCUMENTO-2-REGIMENTO-INTERNO-DO-SISTEMA-DE-BIBLIOTECAS-DA-UFPB.pdf\">REGIMENTO INTERNO DO SISTEMA DE BIBLIOTECAS DA UFPB<\/a><a href=\"http:\/\/www.cpt.ufpb.br\/biblioteca\/wp-content\/uploads\/sites\/79\/sites\/390\/2025\/10\/DOCUMENTO-2-REGIMENTO-INTERNO-DO-SISTEMA-DE-BIBLIOTECAS-DA-UFPB.pdf\" class=\"wp-block-file__button wp-element-button\" download aria-describedby=\"wp-block-file--media-3327664b-9ac7-4084-8b93-61fa295396f1\">Baixar<\/a><\/div>\n\n\n\n<p><\/p>\n","protected":false},"excerpt":{"rendered":"<p>O documento aprova e regulamenta o Regimento Interno do Sistema de Bibliotecas da Universidade Federal [&hellip;]<\/p>\n","protected":false},"author":424,"featured_media":0,"parent":0,"menu_order":2,"comment_status":"closed","ping_status":"closed","template":"","meta":{"footnotes":""},"class_list":["post-98","page","type-page","status-publish","hentry"],"_links":{"self":[{"href":"https:\/\/www.cpt.ufpb.br\/biblioteca\/wp-json\/wp\/v2\/pages\/98","targetHints":{"allow":["GET"]}}],"collection":[{"href":"https:\/\/www.cpt.ufpb.br\/biblioteca\/wp-json\/wp\/v2\/pages"}],"about":[{"href":"https:\/\/www.cpt.ufpb.br\/biblioteca\/wp-json\/wp\/v2\/types\/page"}],"author":[{"embeddable":true,"href":"https:\/\/www.cpt.ufpb.br\/biblioteca\/wp-json\/wp\/v2\/users\/424"}],"replies":[{"embeddable":true,"href":"https:\/\/www.cpt.ufpb.br\/biblioteca\/wp-json\/wp\/v2\/comments?post=98"}],"version-history":[{"count":4,"href":"https:\/\/www.cpt.ufpb.br\/biblioteca\/wp-json\/wp\/v2\/pages\/98\/revisions"}],"predecessor-version":[{"id":439,"href":"https:\/\/www.cpt.ufpb.br\/biblioteca\/wp-json\/wp\/v2\/pages\/98\/revisions\/439"}],"wp:attachment":[{"href":"https:\/\/www.cpt.ufpb.br\/biblioteca\/wp-json\/wp\/v2\/media?parent=98"}],"curies":[{"name":"wp","href":"https:\/\/api.w.org\/{rel}","templated":true}]}}