{"id":95,"date":"2025-09-26T12:55:12","date_gmt":"2025-09-26T15:55:12","guid":{"rendered":"https:\/\/www.ufpb.br\/bscpt\/?page_id=95"},"modified":"2025-10-29T10:03:33","modified_gmt":"2025-10-29T13:03:33","slug":"normas-de-circulacao","status":"publish","type":"page","link":"https:\/\/www.cpt.ufpb.br\/biblioteca\/normas-de-circulacao\/","title":{"rendered":"Normas de Circula\u00e7\u00e3o"},"content":{"rendered":"\n<p><\/p>\n\n\n\n<p>A norma de circula\u00e7\u00e3o da Biblioteca Central da UFPB (Universidade Federal da Para\u00edba), e demais bibliotecas setoriais, estabelece diretrizes para o uso do acervo e os servi\u00e7os de empr\u00e9stimos de materiais bibliogr\u00e1ficos. Os principais pontos abordados nesta Norma s\u00e3o:<\/p>\n\n\n\n<ul class=\"wp-block-list\">\n<li>Usu\u00e1rios;<\/li>\n\n\n\n<li>Tipos de Empr\u00e9stimos;<\/li>\n\n\n\n<li>Renova\u00e7\u00e3o e Reserva;<\/li>\n\n\n\n<li>Penalidades (Atrasos e Danos);<\/li>\n\n\n\n<li>Disposi\u00e7\u00f5es Gerais.<\/li>\n<\/ul>\n\n\n\n<p>Segue a baixo a Norma de Circula\u00e7\u00e3o completa, para download.<\/p>\n\n\n\n<div class=\"wp-block-file\"><a id=\"wp-block-file--media-eae8a350-c142-43ef-b7c6-7a9c931a5e02\" href=\"http:\/\/www.cpt.ufpb.br\/biblioteca\/wp-content\/uploads\/sites\/79\/sites\/390\/2025\/10\/2025-Normas-de-Circulacao-2_compressed.pdf\" target=\"_blank\" rel=\"noreferrer noopener\">NORMAS DE CIRCULA\u00c7\u00c3O<\/a><\/div>\n\n\n\n<p><\/p>\n","protected":false},"excerpt":{"rendered":"<p>A norma de circula\u00e7\u00e3o da Biblioteca Central da UFPB (Universidade Federal da Para\u00edba), e demais [&hellip;]<\/p>\n","protected":false},"author":424,"featured_media":0,"parent":0,"menu_order":1,"comment_status":"closed","ping_status":"closed","template":"","meta":{"footnotes":""},"class_list":["post-95","page","type-page","status-publish","hentry"],"_links":{"self":[{"href":"https:\/\/www.cpt.ufpb.br\/biblioteca\/wp-json\/wp\/v2\/pages\/95","targetHints":{"allow":["GET"]}}],"collection":[{"href":"https:\/\/www.cpt.ufpb.br\/biblioteca\/wp-json\/wp\/v2\/pages"}],"about":[{"href":"https:\/\/www.cpt.ufpb.br\/biblioteca\/wp-json\/wp\/v2\/types\/page"}],"author":[{"embeddable":true,"href":"https:\/\/www.cpt.ufpb.br\/biblioteca\/wp-json\/wp\/v2\/users\/424"}],"replies":[{"embeddable":true,"href":"https:\/\/www.cpt.ufpb.br\/biblioteca\/wp-json\/wp\/v2\/comments?post=95"}],"version-history":[{"count":11,"href":"https:\/\/www.cpt.ufpb.br\/biblioteca\/wp-json\/wp\/v2\/pages\/95\/revisions"}],"predecessor-version":[{"id":449,"href":"https:\/\/www.cpt.ufpb.br\/biblioteca\/wp-json\/wp\/v2\/pages\/95\/revisions\/449"}],"wp:attachment":[{"href":"https:\/\/www.cpt.ufpb.br\/biblioteca\/wp-json\/wp\/v2\/media?parent=95"}],"curies":[{"name":"wp","href":"https:\/\/api.w.org\/{rel}","templated":true}]}}