{"id":85,"date":"2025-09-26T12:43:24","date_gmt":"2025-09-26T15:43:24","guid":{"rendered":"https:\/\/www.ufpb.br\/bscpt\/?page_id=85"},"modified":"2025-10-21T20:59:25","modified_gmt":"2025-10-21T23:59:25","slug":"penalidades","status":"publish","type":"page","link":"https:\/\/www.cpt.ufpb.br\/biblioteca\/penalidades\/","title":{"rendered":"Penalidades"},"content":{"rendered":"\n<h2 class=\"wp-block-heading\"><div class=\"linha-header\"><strong>Multa<\/strong><\/div><\/h2>\n\n\n\n<p><\/p>\n\n\n\n<p>O SIGAA gerar\u00e1, automaticamente, multa para o usu\u00e1rio que devolver material com atraso. O valor \u00e9 <strong>R$ 0,50<\/strong> ao dia corrido, por cada livro em atraso. Os casos espec\u00edficos de abono da multa ser\u00e3o analisados pela biblioteca, conforme documenta\u00e7\u00e3o comprobat\u00f3ria do fato alegado (atestado m\u00e9dico, certid\u00e3o de \u00f3bito, dentre outros).<\/p>\n\n\n\n<p>O aluno poder\u00e1 gerar a Guia de Recolhimento da Uni\u00e3o &#8211; GRU, atrav\u00e9s do SIGAA no Menu BIBLIOTECA &gt; EMPR\u00c9STIMOS &gt; IMPRIMIR GRU PARA PAGAMENTOS DE MULTAS. Conforme a figura abaixo:<\/p>\n\n\n\n<p><\/p>\n\n\n<div class=\"wp-block-image\">\n<figure class=\"aligncenter size-large is-resized\"><img loading=\"lazy\" decoding=\"async\" width=\"1024\" height=\"1024\" src=\"https:\/\/www.cpt.ufpb.br\/biblioteca\/wp-content\/uploads\/sites\/79\/sites\/390\/2025\/10\/Pagamento-de-Multa-1-1024x1024.png\" alt=\"\" class=\"wp-image-420\" style=\"width:570px\" srcset=\"https:\/\/www.cpt.ufpb.br\/biblioteca\/wp-content\/uploads\/sites\/79\/sites\/390\/2025\/10\/Pagamento-de-Multa-1-1024x1024.png 1024w, https:\/\/www.cpt.ufpb.br\/biblioteca\/wp-content\/uploads\/sites\/79\/sites\/390\/2025\/10\/Pagamento-de-Multa-1-300x300.png 300w, https:\/\/www.cpt.ufpb.br\/biblioteca\/wp-content\/uploads\/sites\/79\/sites\/390\/2025\/10\/Pagamento-de-Multa-1-150x150.png 150w, https:\/\/www.cpt.ufpb.br\/biblioteca\/wp-content\/uploads\/sites\/79\/sites\/390\/2025\/10\/Pagamento-de-Multa-1-768x768.png 768w, https:\/\/www.cpt.ufpb.br\/biblioteca\/wp-content\/uploads\/sites\/79\/sites\/390\/2025\/10\/Pagamento-de-Multa-1.png 1080w\" sizes=\"auto, (max-width: 1024px) 100vw, 1024px\" \/><\/figure>\n<\/div>\n\n\n<p><\/p>\n\n\n\n<p>O pagamento da Guia de Recolhimento da Uni\u00e3o (GRU) deve ser feito, exclusivamente, no Banco do Brasil ou pelo celular, no aplicativo do BB.<\/p>\n\n\n\n<p><\/p>\n\n\n\n<h2 class=\"wp-block-heading\"><div class=\"linha-header\">Informa\u00e7\u00f5es Importantes!!<\/div><\/h2>\n\n\n\n<p><\/p>\n\n\n\n<p>Enquanto o d\u00e9bito n\u00e3o for quitado, o usu\u00e1rio ficar\u00e1 impossibilitado de realizar empr\u00e9stimos, considerando que o SIGAA \u2013 Biblioteca, n\u00e3o permitir\u00e1 essa a\u00e7\u00e3o.<\/p>\n\n\n\n<p>O Sistema leva cerca de 48h para reconhecimento do pagamento efetuado. Caso o usu\u00e1rio tenha necessidade imediata de regulariza\u00e7\u00e3o, solicitamos entrar em contato com a Biblioteca.<\/p>\n\n\n\n<p><\/p>\n","protected":false},"excerpt":{"rendered":"<p>Multa O SIGAA gerar\u00e1, automaticamente, multa para o usu\u00e1rio que devolver material com atraso. O [&hellip;]<\/p>\n","protected":false},"author":424,"featured_media":0,"parent":0,"menu_order":6,"comment_status":"closed","ping_status":"closed","template":"","meta":{"footnotes":""},"class_list":["post-85","page","type-page","status-publish","hentry"],"_links":{"self":[{"href":"https:\/\/www.cpt.ufpb.br\/biblioteca\/wp-json\/wp\/v2\/pages\/85","targetHints":{"allow":["GET"]}}],"collection":[{"href":"https:\/\/www.cpt.ufpb.br\/biblioteca\/wp-json\/wp\/v2\/pages"}],"about":[{"href":"https:\/\/www.cpt.ufpb.br\/biblioteca\/wp-json\/wp\/v2\/types\/page"}],"author":[{"embeddable":true,"href":"https:\/\/www.cpt.ufpb.br\/biblioteca\/wp-json\/wp\/v2\/users\/424"}],"replies":[{"embeddable":true,"href":"https:\/\/www.cpt.ufpb.br\/biblioteca\/wp-json\/wp\/v2\/comments?post=85"}],"version-history":[{"count":7,"href":"https:\/\/www.cpt.ufpb.br\/biblioteca\/wp-json\/wp\/v2\/pages\/85\/revisions"}],"predecessor-version":[{"id":423,"href":"https:\/\/www.cpt.ufpb.br\/biblioteca\/wp-json\/wp\/v2\/pages\/85\/revisions\/423"}],"wp:attachment":[{"href":"https:\/\/www.cpt.ufpb.br\/biblioteca\/wp-json\/wp\/v2\/media?parent=85"}],"curies":[{"name":"wp","href":"https:\/\/api.w.org\/{rel}","templated":true}]}}