{"id":83,"date":"2025-09-26T12:42:10","date_gmt":"2025-09-26T15:42:10","guid":{"rendered":"https:\/\/www.ufpb.br\/bscpt\/?page_id=83"},"modified":"2025-10-21T20:35:00","modified_gmt":"2025-10-21T23:35:00","slug":"devolucao","status":"publish","type":"page","link":"https:\/\/www.cpt.ufpb.br\/biblioteca\/devolucao\/","title":{"rendered":"Devolu\u00e7\u00e3o"},"content":{"rendered":"\n<p><\/p>\n\n\n\n<p>Finalizado o per\u00edodo de empr\u00e9stimo e\/ou renova\u00e7\u00e3o o material deve ser devolvido EXCLUSIVAMENTE na biblioteca em que ele foi emprestado. A seu pedido e sob sua responsabilidade, a devolu\u00e7\u00e3o pode ser realizada por outra pessoa.<\/p>\n\n\n\n<p>\u00c9 importante conferir o recebimento do e-mail de confirma\u00e7\u00e3o da devolu\u00e7\u00e3o. Caso n\u00e3o o receba, verifique o status do livro devolvido no item \u201cMeu hist\u00f3rico de empr\u00e9stimos\u201d, na Aba \u201cBiblioteca\u201d, no perfil do SIGAA.<\/p>\n\n\n\n<p><\/p>\n\n\n\n<p><\/p>\n\n\n\n<h2 class=\"wp-block-heading\"><div class=\"linha-header\"><strong>Prazo para Devolu\u00e7\u00e3o<\/strong><\/div><\/h2>\n\n\n\n<p><\/p>\n\n\n\n<p>20 dias corridos (inclusos finais de semana e feriados) a contar da data do empr\u00e9stimo.<\/p>\n\n\n\n<p><\/p>\n\n\n\n<h2 class=\"wp-block-heading\"><div class=\"linha-header\"><strong>Alertas via  E-mail<\/strong><\/div><\/h2>\n\n\n\n<p>OBSERVA\u00c7\u00c3O: <strong>O controle da data de devolu\u00e7\u00e3o \u00e9 de responsabilidade exclusiva do usu\u00e1rio. \u00a0<\/strong>Caso n\u00e3o ocorra qualquer problema de comunica\u00e7\u00e3o entre servidores de e-mail, o SIGAA\u00a0envia uma mensagem quando \u00a0estiver pr\u00f3ximo do prazo de devolu\u00e7\u00e3o. Por\u00e9m, o\u00a0n\u00e3o recebimento do aviso\u00a0n\u00e3o implica abono\u00a0de pagamento da multa\u00a0por atraso na devolu\u00e7\u00e3o.<\/p>\n\n\n\n<p><\/p>\n\n\n\n<p><\/p>\n","protected":false},"excerpt":{"rendered":"<p>Finalizado o per\u00edodo de empr\u00e9stimo e\/ou renova\u00e7\u00e3o o material deve ser devolvido EXCLUSIVAMENTE na biblioteca [&hellip;]<\/p>\n","protected":false},"author":424,"featured_media":0,"parent":0,"menu_order":5,"comment_status":"closed","ping_status":"closed","template":"","meta":{"footnotes":""},"class_list":["post-83","page","type-page","status-publish","hentry"],"_links":{"self":[{"href":"https:\/\/www.cpt.ufpb.br\/biblioteca\/wp-json\/wp\/v2\/pages\/83","targetHints":{"allow":["GET"]}}],"collection":[{"href":"https:\/\/www.cpt.ufpb.br\/biblioteca\/wp-json\/wp\/v2\/pages"}],"about":[{"href":"https:\/\/www.cpt.ufpb.br\/biblioteca\/wp-json\/wp\/v2\/types\/page"}],"author":[{"embeddable":true,"href":"https:\/\/www.cpt.ufpb.br\/biblioteca\/wp-json\/wp\/v2\/users\/424"}],"replies":[{"embeddable":true,"href":"https:\/\/www.cpt.ufpb.br\/biblioteca\/wp-json\/wp\/v2\/comments?post=83"}],"version-history":[{"count":8,"href":"https:\/\/www.cpt.ufpb.br\/biblioteca\/wp-json\/wp\/v2\/pages\/83\/revisions"}],"predecessor-version":[{"id":416,"href":"https:\/\/www.cpt.ufpb.br\/biblioteca\/wp-json\/wp\/v2\/pages\/83\/revisions\/416"}],"wp:attachment":[{"href":"https:\/\/www.cpt.ufpb.br\/biblioteca\/wp-json\/wp\/v2\/media?parent=83"}],"curies":[{"name":"wp","href":"https:\/\/api.w.org\/{rel}","templated":true}]}}