{"id":80,"date":"2025-09-26T12:40:54","date_gmt":"2025-09-26T15:40:54","guid":{"rendered":"https:\/\/www.ufpb.br\/bscpt\/?page_id=80"},"modified":"2025-10-21T21:03:11","modified_gmt":"2025-10-22T00:03:11","slug":"renovacao","status":"publish","type":"page","link":"https:\/\/www.cpt.ufpb.br\/biblioteca\/renovacao\/","title":{"rendered":"Renova\u00e7\u00e3o"},"content":{"rendered":"\n<p><\/p>\n\n\n\n<p>A renova\u00e7\u00e3o pode ser feita uma \u00fanica vez, pelo per\u00edodo de mais 20 dias, se a renova\u00e7\u00e3o for feita at\u00e9 a data final do prazo do empr\u00e9stimo, podendo ser : <em>on-line<\/em> (remota), atrav\u00e9s do SIGAA ou indo pessoalmente na biblioteca.<\/p>\n\n\n\n<p><em>Se existir alguma pend\u00eancia no cadastro, o Sistema n\u00e3o permite fazer a renova\u00e7\u00e3o.<\/em><\/p>\n\n\n\n<p>Para renova\u00e7\u00e3o <em>on-line<\/em> (remota) acesse: <strong>SIGAA&lt;Biblioteca&lt;Empr\u00e9stimos&lt;Renovar meu empr\u00e9stimos<\/strong>, conforme a imagem a seguir:<\/p>\n\n\n\n<h2 class=\"wp-block-heading\"><div class=\"linha-header\">1\u00ba &#8211; Passo:<\/div><\/h2>\n\n\n\n<p><\/p>\n\n\n<div class=\"wp-block-image\">\n<figure class=\"aligncenter size-large is-resized\"><img loading=\"lazy\" decoding=\"async\" width=\"1024\" height=\"1024\" src=\"http:\/\/www.cpt.ufpb.br\/biblioteca\/wp-content\/uploads\/sites\/79\/sites\/390\/2025\/10\/Renovacao-2-1024x1024.png\" alt=\"\" class=\"wp-image-404\" style=\"width:570px\" srcset=\"https:\/\/www.cpt.ufpb.br\/biblioteca\/wp-content\/uploads\/sites\/79\/sites\/390\/2025\/10\/Renovacao-2-1024x1024.png 1024w, https:\/\/www.cpt.ufpb.br\/biblioteca\/wp-content\/uploads\/sites\/79\/sites\/390\/2025\/10\/Renovacao-2-300x300.png 300w, https:\/\/www.cpt.ufpb.br\/biblioteca\/wp-content\/uploads\/sites\/79\/sites\/390\/2025\/10\/Renovacao-2-150x150.png 150w, https:\/\/www.cpt.ufpb.br\/biblioteca\/wp-content\/uploads\/sites\/79\/sites\/390\/2025\/10\/Renovacao-2-768x768.png 768w, https:\/\/www.cpt.ufpb.br\/biblioteca\/wp-content\/uploads\/sites\/79\/sites\/390\/2025\/10\/Renovacao-2.png 1080w\" sizes=\"auto, (max-width: 1024px) 100vw, 1024px\" \/><\/figure>\n<\/div>\n\n\n<p><\/p>\n\n\n\n<h2 class=\"wp-block-heading\"><div class=\"linha-header\">2\u00ba Passo:<\/div><\/h2>\n\n\n\n<p><\/p>\n\n\n<div class=\"wp-block-image\">\n<figure class=\"aligncenter size-large is-resized\"><img loading=\"lazy\" decoding=\"async\" width=\"1024\" height=\"1024\" src=\"http:\/\/www.cpt.ufpb.br\/biblioteca\/wp-content\/uploads\/sites\/79\/sites\/390\/2025\/10\/Renovacao-3-1024x1024.png\" alt=\"\" class=\"wp-image-405\" style=\"width:570px\" srcset=\"https:\/\/www.cpt.ufpb.br\/biblioteca\/wp-content\/uploads\/sites\/79\/sites\/390\/2025\/10\/Renovacao-3-1024x1024.png 1024w, https:\/\/www.cpt.ufpb.br\/biblioteca\/wp-content\/uploads\/sites\/79\/sites\/390\/2025\/10\/Renovacao-3-300x300.png 300w, https:\/\/www.cpt.ufpb.br\/biblioteca\/wp-content\/uploads\/sites\/79\/sites\/390\/2025\/10\/Renovacao-3-150x150.png 150w, https:\/\/www.cpt.ufpb.br\/biblioteca\/wp-content\/uploads\/sites\/79\/sites\/390\/2025\/10\/Renovacao-3-768x768.png 768w, https:\/\/www.cpt.ufpb.br\/biblioteca\/wp-content\/uploads\/sites\/79\/sites\/390\/2025\/10\/Renovacao-3.png 1080w\" sizes=\"auto, (max-width: 1024px) 100vw, 1024px\" \/><\/figure>\n<\/div>\n\n\n<p><\/p>\n\n\n\n<p class=\"has-text-align-center\"><strong><em>Parab\u00e9ns voc\u00ea concluiu a Renova\u00e7\u00e3o do Empr\u00e9stimo!!!<\/em><\/strong><\/p>\n\n\n\n<p><\/p>\n\n\n<div class=\"wp-block-image\">\n<figure class=\"aligncenter size-large is-resized\"><img loading=\"lazy\" decoding=\"async\" width=\"1024\" height=\"1024\" src=\"http:\/\/www.cpt.ufpb.br\/biblioteca\/wp-content\/uploads\/sites\/79\/sites\/390\/2025\/10\/Renovacao-4-1024x1024.png\" alt=\"\" class=\"wp-image-406\" style=\"width:570px\" srcset=\"https:\/\/www.cpt.ufpb.br\/biblioteca\/wp-content\/uploads\/sites\/79\/sites\/390\/2025\/10\/Renovacao-4-1024x1024.png 1024w, https:\/\/www.cpt.ufpb.br\/biblioteca\/wp-content\/uploads\/sites\/79\/sites\/390\/2025\/10\/Renovacao-4-300x300.png 300w, https:\/\/www.cpt.ufpb.br\/biblioteca\/wp-content\/uploads\/sites\/79\/sites\/390\/2025\/10\/Renovacao-4-150x150.png 150w, https:\/\/www.cpt.ufpb.br\/biblioteca\/wp-content\/uploads\/sites\/79\/sites\/390\/2025\/10\/Renovacao-4-768x768.png 768w, https:\/\/www.cpt.ufpb.br\/biblioteca\/wp-content\/uploads\/sites\/79\/sites\/390\/2025\/10\/Renovacao-4.png 1080w\" sizes=\"auto, (max-width: 1024px) 100vw, 1024px\" \/><\/figure>\n<\/div>\n\n\n<p><\/p>\n\n\n\n<p class=\"has-text-align-center\"><\/p>\n","protected":false},"excerpt":{"rendered":"<p>A renova\u00e7\u00e3o pode ser feita uma \u00fanica vez, pelo per\u00edodo de mais 20 dias, se [&hellip;]<\/p>\n","protected":false},"author":424,"featured_media":0,"parent":0,"menu_order":4,"comment_status":"closed","ping_status":"closed","template":"","meta":{"footnotes":""},"class_list":["post-80","page","type-page","status-publish","hentry"],"_links":{"self":[{"href":"https:\/\/www.cpt.ufpb.br\/biblioteca\/wp-json\/wp\/v2\/pages\/80","targetHints":{"allow":["GET"]}}],"collection":[{"href":"https:\/\/www.cpt.ufpb.br\/biblioteca\/wp-json\/wp\/v2\/pages"}],"about":[{"href":"https:\/\/www.cpt.ufpb.br\/biblioteca\/wp-json\/wp\/v2\/types\/page"}],"author":[{"embeddable":true,"href":"https:\/\/www.cpt.ufpb.br\/biblioteca\/wp-json\/wp\/v2\/users\/424"}],"replies":[{"embeddable":true,"href":"https:\/\/www.cpt.ufpb.br\/biblioteca\/wp-json\/wp\/v2\/comments?post=80"}],"version-history":[{"count":9,"href":"https:\/\/www.cpt.ufpb.br\/biblioteca\/wp-json\/wp\/v2\/pages\/80\/revisions"}],"predecessor-version":[{"id":427,"href":"https:\/\/www.cpt.ufpb.br\/biblioteca\/wp-json\/wp\/v2\/pages\/80\/revisions\/427"}],"wp:attachment":[{"href":"https:\/\/www.cpt.ufpb.br\/biblioteca\/wp-json\/wp\/v2\/media?parent=80"}],"curies":[{"name":"wp","href":"https:\/\/api.w.org\/{rel}","templated":true}]}}