{"id":78,"date":"2025-09-26T12:39:36","date_gmt":"2025-09-26T15:39:36","guid":{"rendered":"https:\/\/www.ufpb.br\/bscpt\/?page_id=78"},"modified":"2025-10-21T19:34:45","modified_gmt":"2025-10-21T22:34:45","slug":"emprestimo-especial","status":"publish","type":"page","link":"https:\/\/www.cpt.ufpb.br\/biblioteca\/emprestimo-especial\/","title":{"rendered":"Empr\u00e9stimo Especial"},"content":{"rendered":"\n<p><\/p>\n\n\n\n<p>Trata-se do empr\u00e9stimo de materiais (Livros) que possuem na etiqueta a identifica\u00e7\u00e3o&nbsp;<strong>SR<\/strong>&nbsp;(<strong>Se\u00e7\u00e3o de Reserva<\/strong>). Estes livros geralmente, est\u00e3o sinalizados no acervo com uma bolinha vermelha, junto \u00e0 etiqueta do livro.<\/p>\n\n\n\n<p><\/p>\n\n\n\n<h2 class=\"wp-block-heading\"><div class=\"linha-header\"><strong>Prazos e Quantidade de Livros por Categoria de usu\u00e1rios<\/strong><\/div><\/h2>\n\n\n\n<p><\/p>\n\n\n\n<p><\/p>\n\n\n\n<figure class=\"wp-block-table\"><table class=\"has-fixed-layout\"><tbody><tr><th class=\"has-text-align-center\" data-align=\"center\"><strong>CATEGORIA<\/strong><\/th><th class=\"has-text-align-center\" data-align=\"center\"><strong>PRAZO<\/strong><\/th><th class=\"has-text-align-center\" data-align=\"center\"><strong>QUANTIDADE<\/strong><\/th><\/tr><tr><td class=\"has-text-align-center\" data-align=\"center\">Discentes (Alunos)<br>Servidores (T\u00e9cnico-Administrativos)<\/td><td class=\"has-text-align-center\" data-align=\"center\">04 horas (n\u00e3o pode renovar)<\/td><td class=\"has-text-align-center\" data-align=\"center\">03 materiais<\/td><\/tr><tr><td class=\"has-text-align-center\" data-align=\"center\">Servidores Docentes (Professores)<\/td><td class=\"has-text-align-center\" data-align=\"center\">04 horas (n\u00e3o pode renovar)<\/td><td class=\"has-text-align-center\" data-align=\"center\">05 materiais<\/td><\/tr><\/tbody><\/table><\/figure>\n\n\n\n<p><\/p>\n\n\n\n<p><strong>O prazo de devolu\u00e7\u00e3o do livro deve estar em conformidade com o hor\u00e1rio de encerramento das atividades da Biblioteca.<\/strong><\/p>\n\n\n\n<p><\/p>\n\n\n\n<p><strong>OBSERVA\u00c7\u00c3O: <\/strong><em>materiais com identifica\u00e7\u00e3o <strong>N\u00e3o Circula <\/strong>(Peri\u00f3dicos, Monografias, obras de Refer\u00eancias como Dicion\u00e1rios) n\u00e3o s\u00e3o emprestados. <\/em><\/p>\n\n\n\n<p><\/p>\n","protected":false},"excerpt":{"rendered":"<p>Trata-se do empr\u00e9stimo de materiais (Livros) que possuem na etiqueta a identifica\u00e7\u00e3o&nbsp;SR&nbsp;(Se\u00e7\u00e3o de Reserva). Estes [&hellip;]<\/p>\n","protected":false},"author":424,"featured_media":0,"parent":0,"menu_order":3,"comment_status":"closed","ping_status":"closed","template":"","meta":{"footnotes":""},"class_list":["post-78","page","type-page","status-publish","hentry"],"_links":{"self":[{"href":"https:\/\/www.cpt.ufpb.br\/biblioteca\/wp-json\/wp\/v2\/pages\/78","targetHints":{"allow":["GET"]}}],"collection":[{"href":"https:\/\/www.cpt.ufpb.br\/biblioteca\/wp-json\/wp\/v2\/pages"}],"about":[{"href":"https:\/\/www.cpt.ufpb.br\/biblioteca\/wp-json\/wp\/v2\/types\/page"}],"author":[{"embeddable":true,"href":"https:\/\/www.cpt.ufpb.br\/biblioteca\/wp-json\/wp\/v2\/users\/424"}],"replies":[{"embeddable":true,"href":"https:\/\/www.cpt.ufpb.br\/biblioteca\/wp-json\/wp\/v2\/comments?post=78"}],"version-history":[{"count":5,"href":"https:\/\/www.cpt.ufpb.br\/biblioteca\/wp-json\/wp\/v2\/pages\/78\/revisions"}],"predecessor-version":[{"id":400,"href":"https:\/\/www.cpt.ufpb.br\/biblioteca\/wp-json\/wp\/v2\/pages\/78\/revisions\/400"}],"wp:attachment":[{"href":"https:\/\/www.cpt.ufpb.br\/biblioteca\/wp-json\/wp\/v2\/media?parent=78"}],"curies":[{"name":"wp","href":"https:\/\/api.w.org\/{rel}","templated":true}]}}