{"id":73,"date":"2025-09-26T12:32:25","date_gmt":"2025-09-26T15:32:25","guid":{"rendered":"https:\/\/www.ufpb.br\/bscpt\/?page_id=73"},"modified":"2025-10-21T21:00:23","modified_gmt":"2025-10-22T00:00:23","slug":"cadastro-no-sistema","status":"publish","type":"page","link":"https:\/\/www.cpt.ufpb.br\/biblioteca\/cadastro-no-sistema\/","title":{"rendered":"Cadastro no Sistema"},"content":{"rendered":"\n<h2 class=\"wp-block-heading\"><div class=\"linha-header\">Passo a passo para cadastrar\/atualizar a senha no SIGAA<\/div><\/h2>\n\n\n\n<p>Para realiza\u00e7\u00e3o do Empr\u00e9stimo domiciliar, o usu\u00e1rio precisa apenas acessar o <strong>SIGAA<\/strong> e criar uma <strong>senha num\u00e9rica de 6 a 8 d\u00edgitos<\/strong> para ativar os servi\u00e7os da biblioteca, conforme as figuras abaixo:<\/p>\n\n\n\n<p><\/p>\n\n\n\n<h2 class=\"wp-block-heading\"><div class=\"linha-header\"><strong>1\u00ba Passo:<\/strong><\/div><\/h2>\n\n\n\n<p>Realize seu cadastro no SIGAA &#8211; <a href=\"https:\/\/sigaa.ufpb.br\/sigaa\/logon.jsf\" target=\"_blank\" rel=\"noreferrer noopener\">https:\/\/sigaa.ufpb.br\/sigaa\/logon.jsf<\/a><\/p>\n\n\n<div class=\"wp-block-image\">\n<figure class=\"aligncenter size-large is-resized\"><img loading=\"lazy\" decoding=\"async\" width=\"1024\" height=\"1024\" src=\"https:\/\/www.cpt.ufpb.br\/biblioteca\/wp-content\/uploads\/sites\/79\/sites\/390\/2025\/10\/Cadastro-no-Sistema-1-1024x1024.png\" alt=\"\" class=\"wp-image-376\" style=\"width:570px\" srcset=\"https:\/\/www.cpt.ufpb.br\/biblioteca\/wp-content\/uploads\/sites\/79\/sites\/390\/2025\/10\/Cadastro-no-Sistema-1-1024x1024.png 1024w, https:\/\/www.cpt.ufpb.br\/biblioteca\/wp-content\/uploads\/sites\/79\/sites\/390\/2025\/10\/Cadastro-no-Sistema-1-300x300.png 300w, https:\/\/www.cpt.ufpb.br\/biblioteca\/wp-content\/uploads\/sites\/79\/sites\/390\/2025\/10\/Cadastro-no-Sistema-1-150x150.png 150w, https:\/\/www.cpt.ufpb.br\/biblioteca\/wp-content\/uploads\/sites\/79\/sites\/390\/2025\/10\/Cadastro-no-Sistema-1-768x768.png 768w, https:\/\/www.cpt.ufpb.br\/biblioteca\/wp-content\/uploads\/sites\/79\/sites\/390\/2025\/10\/Cadastro-no-Sistema-1.png 1080w\" sizes=\"auto, (max-width: 1024px) 100vw, 1024px\" \/><\/figure>\n<\/div>\n\n\n<p><\/p>\n\n\n\n<h2 class=\"wp-block-heading\"><div class=\"linha-header\">2\u00ba Passo:<\/div><\/h2>\n\n\n\n<p><\/p>\n\n\n\n<p>No SIGAA, MENU BIBLIOTECA, clique em \u201cCadastrar para utilizar os servi\u00e7os da Biblioteca\u201d.<\/p>\n\n\n<div class=\"wp-block-image\">\n<figure class=\"aligncenter size-large is-resized\"><img loading=\"lazy\" decoding=\"async\" width=\"1024\" height=\"1024\" src=\"http:\/\/www.cpt.ufpb.br\/biblioteca\/wp-content\/uploads\/sites\/79\/sites\/390\/2025\/10\/Cadastro-no-Sistema-2-1024x1024.png\" alt=\"\" class=\"wp-image-377\" style=\"width:570px\" srcset=\"https:\/\/www.cpt.ufpb.br\/biblioteca\/wp-content\/uploads\/sites\/79\/sites\/390\/2025\/10\/Cadastro-no-Sistema-2-1024x1024.png 1024w, https:\/\/www.cpt.ufpb.br\/biblioteca\/wp-content\/uploads\/sites\/79\/sites\/390\/2025\/10\/Cadastro-no-Sistema-2-300x300.png 300w, https:\/\/www.cpt.ufpb.br\/biblioteca\/wp-content\/uploads\/sites\/79\/sites\/390\/2025\/10\/Cadastro-no-Sistema-2-150x150.png 150w, https:\/\/www.cpt.ufpb.br\/biblioteca\/wp-content\/uploads\/sites\/79\/sites\/390\/2025\/10\/Cadastro-no-Sistema-2-768x768.png 768w, https:\/\/www.cpt.ufpb.br\/biblioteca\/wp-content\/uploads\/sites\/79\/sites\/390\/2025\/10\/Cadastro-no-Sistema-2.png 1080w\" sizes=\"auto, (max-width: 1024px) 100vw, 1024px\" \/><\/figure>\n<\/div>\n\n\n<p><\/p>\n\n\n\n<h2 class=\"wp-block-heading\"><div class=\"linha-header\">3\u00ba Passo:<\/div><\/h2>\n\n\n\n<p><\/p>\n\n\n\n<p>Defina sua senha de empr\u00e9stimo. Ela deve conter de 6 a 8 d\u00edgitos (apenas n\u00fameros).<\/p>\n\n\n<div class=\"wp-block-image\">\n<figure class=\"aligncenter size-large is-resized\"><img loading=\"lazy\" decoding=\"async\" width=\"1024\" height=\"1024\" src=\"http:\/\/www.cpt.ufpb.br\/biblioteca\/wp-content\/uploads\/sites\/79\/sites\/390\/2025\/10\/Cadastro-no-Sistema-3-1024x1024.png\" alt=\"\" class=\"wp-image-378\" style=\"width:570px\" srcset=\"https:\/\/www.cpt.ufpb.br\/biblioteca\/wp-content\/uploads\/sites\/79\/sites\/390\/2025\/10\/Cadastro-no-Sistema-3-1024x1024.png 1024w, https:\/\/www.cpt.ufpb.br\/biblioteca\/wp-content\/uploads\/sites\/79\/sites\/390\/2025\/10\/Cadastro-no-Sistema-3-300x300.png 300w, https:\/\/www.cpt.ufpb.br\/biblioteca\/wp-content\/uploads\/sites\/79\/sites\/390\/2025\/10\/Cadastro-no-Sistema-3-150x150.png 150w, https:\/\/www.cpt.ufpb.br\/biblioteca\/wp-content\/uploads\/sites\/79\/sites\/390\/2025\/10\/Cadastro-no-Sistema-3-768x768.png 768w, https:\/\/www.cpt.ufpb.br\/biblioteca\/wp-content\/uploads\/sites\/79\/sites\/390\/2025\/10\/Cadastro-no-Sistema-3.png 1080w\" sizes=\"auto, (max-width: 1024px) 100vw, 1024px\" \/><\/figure>\n<\/div>\n\n\n<p><\/p>\n\n\n\n<p><strong><em>Parab\u00e9ns!!! Com o v\u00ednculo ativo no  SIGAA, Voc\u00ea j\u00e1 pode levar Livros por Empr\u00e9stimo.<\/em><\/strong><br><\/p>\n\n\n\n<p><\/p>\n","protected":false},"excerpt":{"rendered":"<p>Passo a passo para cadastrar\/atualizar a senha no SIGAA Para realiza\u00e7\u00e3o do Empr\u00e9stimo domiciliar, o [&hellip;]<\/p>\n","protected":false},"author":424,"featured_media":0,"parent":0,"menu_order":1,"comment_status":"closed","ping_status":"closed","template":"","meta":{"footnotes":""},"class_list":["post-73","page","type-page","status-publish","hentry"],"_links":{"self":[{"href":"https:\/\/www.cpt.ufpb.br\/biblioteca\/wp-json\/wp\/v2\/pages\/73","targetHints":{"allow":["GET"]}}],"collection":[{"href":"https:\/\/www.cpt.ufpb.br\/biblioteca\/wp-json\/wp\/v2\/pages"}],"about":[{"href":"https:\/\/www.cpt.ufpb.br\/biblioteca\/wp-json\/wp\/v2\/types\/page"}],"author":[{"embeddable":true,"href":"https:\/\/www.cpt.ufpb.br\/biblioteca\/wp-json\/wp\/v2\/users\/424"}],"replies":[{"embeddable":true,"href":"https:\/\/www.cpt.ufpb.br\/biblioteca\/wp-json\/wp\/v2\/comments?post=73"}],"version-history":[{"count":9,"href":"https:\/\/www.cpt.ufpb.br\/biblioteca\/wp-json\/wp\/v2\/pages\/73\/revisions"}],"predecessor-version":[{"id":424,"href":"https:\/\/www.cpt.ufpb.br\/biblioteca\/wp-json\/wp\/v2\/pages\/73\/revisions\/424"}],"wp:attachment":[{"href":"https:\/\/www.cpt.ufpb.br\/biblioteca\/wp-json\/wp\/v2\/media?parent=73"}],"curies":[{"name":"wp","href":"https:\/\/api.w.org\/{rel}","templated":true}]}}