{"id":60,"date":"2025-09-26T10:53:09","date_gmt":"2025-09-26T13:53:09","guid":{"rendered":"https:\/\/www.ufpb.br\/bscpt\/?page_id=60"},"modified":"2025-10-16T21:40:46","modified_gmt":"2025-10-17T00:40:46","slug":"doacao-de-livros","status":"publish","type":"page","link":"https:\/\/www.cpt.ufpb.br\/biblioteca\/doacao-de-livros\/","title":{"rendered":"Doa\u00e7\u00e3o de Livros"},"content":{"rendered":"\n<p><\/p>\n\n\n\n<p>A Biblioteca Setorial do CPT-ETS da UFPB, recebe doa\u00e7\u00e3o de Livros,&nbsp;<strong>na \u00e1rea de Ci\u00eancias da Sa\u00fade<\/strong> <strong>e de Literatura<\/strong>. A pessoa interessada em doar o material, deve observar os seguintes procedimentos:<\/p>\n\n\n\n<p><\/p>\n\n\n\n<ul class=\"wp-block-list\">\n<li>Certificar-se de que os livros estejam em bom estado de conserva\u00e7\u00e3o e sem sinais de infesta\u00e7\u00e3o por insetos, mofo ou fungos;<\/li>\n\n\n\n<li>Certificar-se de que&nbsp;os livros t\u00eam conte\u00fados atuais e pertinentes aos Cursos do CPT-ETS;<\/li>\n<\/ul>\n\n\n\n<p><\/p>\n\n\n\n<p>Se o material doado n\u00e3o for adequado ao acervo da desta biblioteca ou de outras bibliotecas setoriais da UFPB, os exemplares ser\u00e3o disponibilizados \u00e0 comunidade acad\u00eamica por meio do <strong>Projeto Pegue e Leve<\/strong>, para incentivar a circula\u00e7\u00e3o do material informacional e o fortalecimento do acesso \u00e0 informa\u00e7\u00e3o e do conhecimento.<\/p>\n\n\n\n<p>Para realizar a doa\u00e7\u00e3o, \u00e9 necess\u00e1rio preencher e assinar o <strong><a href=\"https:\/\/www.cpt.ufpb.br\/biblioteca\/termo-de-doacao\/\" data-type=\"page\" data-id=\"102\">Termo de Doa\u00e7\u00e3o<\/a><\/strong>, que deve ser entregue junto com o material.<\/p>\n\n\n\n<p><\/p>\n","protected":false},"excerpt":{"rendered":"<p>A Biblioteca Setorial do CPT-ETS da UFPB, recebe doa\u00e7\u00e3o de Livros,&nbsp;na \u00e1rea de Ci\u00eancias da [&hellip;]<\/p>\n","protected":false},"author":424,"featured_media":0,"parent":0,"menu_order":8,"comment_status":"closed","ping_status":"closed","template":"","meta":{"footnotes":""},"class_list":["post-60","page","type-page","status-publish","hentry"],"_links":{"self":[{"href":"https:\/\/www.cpt.ufpb.br\/biblioteca\/wp-json\/wp\/v2\/pages\/60","targetHints":{"allow":["GET"]}}],"collection":[{"href":"https:\/\/www.cpt.ufpb.br\/biblioteca\/wp-json\/wp\/v2\/pages"}],"about":[{"href":"https:\/\/www.cpt.ufpb.br\/biblioteca\/wp-json\/wp\/v2\/types\/page"}],"author":[{"embeddable":true,"href":"https:\/\/www.cpt.ufpb.br\/biblioteca\/wp-json\/wp\/v2\/users\/424"}],"replies":[{"embeddable":true,"href":"https:\/\/www.cpt.ufpb.br\/biblioteca\/wp-json\/wp\/v2\/comments?post=60"}],"version-history":[{"count":6,"href":"https:\/\/www.cpt.ufpb.br\/biblioteca\/wp-json\/wp\/v2\/pages\/60\/revisions"}],"predecessor-version":[{"id":290,"href":"https:\/\/www.cpt.ufpb.br\/biblioteca\/wp-json\/wp\/v2\/pages\/60\/revisions\/290"}],"wp:attachment":[{"href":"https:\/\/www.cpt.ufpb.br\/biblioteca\/wp-json\/wp\/v2\/media?parent=60"}],"curies":[{"name":"wp","href":"https:\/\/api.w.org\/{rel}","templated":true}]}}