{"id":56,"date":"2025-09-26T10:49:10","date_gmt":"2025-09-26T13:49:10","guid":{"rendered":"https:\/\/www.ufpb.br\/bscpt\/?page_id=56"},"modified":"2025-10-19T19:57:41","modified_gmt":"2025-10-19T22:57:41","slug":"ficha-catalografica-e-tcc","status":"publish","type":"page","link":"https:\/\/www.cpt.ufpb.br\/biblioteca\/ficha-catalografica-e-tcc\/","title":{"rendered":"Ficha Catalogr\u00e1fica e TCC"},"content":{"rendered":"\n<p><\/p>\n\n\n\n<h2 class=\"wp-block-heading\"><div class=\"linha-header\">\ud83d\udcda Ficha Catalogr\u00e1fica para TCC \u2013 UFPB<\/div><\/h2>\n\n\n\n<p><\/p>\n\n\n\n<p>O Sistema de Bibliotecas da Universidade Federal da Para\u00edba (UFPB) disponibiliza o servi\u00e7o de gera\u00e7\u00e3o de ficha catalogr\u00e1fica diretamente pelo SIGAA, com o objetivo de facilitar o processo e reduzir erros.<\/p>\n\n\n\n<p>\ud83d\udcdd <strong>Como solicitar<\/strong><\/p>\n\n\n\n<p>A solicita\u00e7\u00e3o deve ser feita no SIGAA, seguindo o caminho: <strong>Biblioteca &gt; Ficha Catalogr\u00e1fica &gt; Solicitar Ficha Catalogr\u00e1fica<\/strong><\/p>\n\n\n\n<h2 class=\"wp-block-heading\"><div class=\"linha-header\">\ud83d\udcc4 Sobre a ficha<\/div><\/h2>\n\n\n\n<p><\/p>\n\n\n\n<ul class=\"wp-block-list\">\n<li>O sistema gera automaticamente a ficha catalogr\u00e1fica conforme os padr\u00f5es da <strong>ABNT<\/strong> e do <strong>AACR2<\/strong>.<\/li>\n\n\n\n<li>Ap\u00f3s o preenchimento, a solicita\u00e7\u00e3o \u00e9 enviada \u00e0 biblioteca do centro acad\u00eamico do aluno.<\/li>\n\n\n\n<li>O bibliotec\u00e1rio revisa e assina a ficha em at\u00e9 <strong>3 dias \u00fateis<\/strong>.<\/li>\n\n\n\n<li>O aluno recebe um e-mail de confirma\u00e7\u00e3o e pode fazer o download da ficha no SIGAA.<\/li>\n<\/ul>\n\n\n\n<h2 class=\"wp-block-heading\"><div class=\"linha-header\">\u26a0\ufe0f Aten\u00e7\u00e3o<\/div><\/h2>\n\n\n\n<p><\/p>\n\n\n\n<ul class=\"wp-block-list\">\n<li><strong>N\u00e3o encerre o v\u00ednculo institucional<\/strong> antes de gerar sua ficha catalogr\u00e1fica.<\/li>\n\n\n\n<li>A ficha deve ser inserida <strong>logo ap\u00f3s a folha de rosto<\/strong> do TCC. Se o trabalho for impresso, a ficha deve constar <strong>no verso da folha de rosto<\/strong>.<\/li>\n\n\n\n<li>A solicita\u00e7\u00e3o da ficha deve ser feita <strong>ap\u00f3s a apresenta\u00e7\u00e3o do TCC<\/strong>, j\u00e1 com as corre\u00e7\u00f5es sugeridas pela banca, pois altera\u00e7\u00f5es no t\u00edtulo, conte\u00fado ou n\u00famero de p\u00e1ginas podem impactar a ficha catalogr\u00e1fica.<\/li>\n<\/ul>\n","protected":false},"excerpt":{"rendered":"<p>\ud83d\udcda Ficha Catalogr\u00e1fica para TCC \u2013 UFPB O Sistema de Bibliotecas da Universidade Federal da [&hellip;]<\/p>\n","protected":false},"author":424,"featured_media":0,"parent":0,"menu_order":6,"comment_status":"closed","ping_status":"closed","template":"","meta":{"footnotes":""},"class_list":["post-56","page","type-page","status-publish","hentry"],"_links":{"self":[{"href":"https:\/\/www.cpt.ufpb.br\/biblioteca\/wp-json\/wp\/v2\/pages\/56","targetHints":{"allow":["GET"]}}],"collection":[{"href":"https:\/\/www.cpt.ufpb.br\/biblioteca\/wp-json\/wp\/v2\/pages"}],"about":[{"href":"https:\/\/www.cpt.ufpb.br\/biblioteca\/wp-json\/wp\/v2\/types\/page"}],"author":[{"embeddable":true,"href":"https:\/\/www.cpt.ufpb.br\/biblioteca\/wp-json\/wp\/v2\/users\/424"}],"replies":[{"embeddable":true,"href":"https:\/\/www.cpt.ufpb.br\/biblioteca\/wp-json\/wp\/v2\/comments?post=56"}],"version-history":[{"count":3,"href":"https:\/\/www.cpt.ufpb.br\/biblioteca\/wp-json\/wp\/v2\/pages\/56\/revisions"}],"predecessor-version":[{"id":337,"href":"https:\/\/www.cpt.ufpb.br\/biblioteca\/wp-json\/wp\/v2\/pages\/56\/revisions\/337"}],"wp:attachment":[{"href":"https:\/\/www.cpt.ufpb.br\/biblioteca\/wp-json\/wp\/v2\/media?parent=56"}],"curies":[{"name":"wp","href":"https:\/\/api.w.org\/{rel}","templated":true}]}}