{"id":50,"date":"2025-09-26T10:32:33","date_gmt":"2025-09-26T13:32:33","guid":{"rendered":"https:\/\/www.ufpb.br\/bscpt\/?page_id=50"},"modified":"2025-10-21T10:31:17","modified_gmt":"2025-10-21T13:31:17","slug":"devolucao-2","status":"publish","type":"page","link":"https:\/\/www.cpt.ufpb.br\/biblioteca\/devolucao-2\/","title":{"rendered":"Devolu\u00e7\u00e3o"},"content":{"rendered":"\n<h2 class=\"wp-block-heading\"><div class=\"linha-header\">Prazo<\/div><\/h2>\n\n\n\n<p>O prazo de devolu\u00e7\u00e3o: <strong>20 dias<\/strong> corridos (inclusos finais de semana e feriados) a contar da data do empr\u00e9stimo.<\/p>\n\n\n\n<p>Finalizado o per\u00edodo de empr\u00e9stimo e\/ou renova\u00e7\u00e3o, o material deve ser devolvido EXCLUSIVAMENTE na biblioteca em que ele foi emprestado. A seu pedido e sob sua responsabilidade, a devolu\u00e7\u00e3o pode ser realizada por outra pessoa.<\/p>\n\n\n\n<p>\u00c9 importante conferir o recebimento do e-mail de confirma\u00e7\u00e3o da devolu\u00e7\u00e3o. Caso n\u00e3o o receba, verifique o status do livro devolvido no item \u201cMeu hist\u00f3rico de empr\u00e9stimos\u201d, na Aba \u201cBiblioteca\u201d, no perfil do SIGAA.<\/p>\n","protected":false},"excerpt":{"rendered":"<p>Prazo O prazo de devolu\u00e7\u00e3o: 20 dias corridos (inclusos finais de semana e feriados) a [&hellip;]<\/p>\n","protected":false},"author":424,"featured_media":0,"parent":0,"menu_order":3,"comment_status":"closed","ping_status":"closed","template":"","meta":{"footnotes":""},"class_list":["post-50","page","type-page","status-publish","hentry"],"_links":{"self":[{"href":"https:\/\/www.cpt.ufpb.br\/biblioteca\/wp-json\/wp\/v2\/pages\/50","targetHints":{"allow":["GET"]}}],"collection":[{"href":"https:\/\/www.cpt.ufpb.br\/biblioteca\/wp-json\/wp\/v2\/pages"}],"about":[{"href":"https:\/\/www.cpt.ufpb.br\/biblioteca\/wp-json\/wp\/v2\/types\/page"}],"author":[{"embeddable":true,"href":"https:\/\/www.cpt.ufpb.br\/biblioteca\/wp-json\/wp\/v2\/users\/424"}],"replies":[{"embeddable":true,"href":"https:\/\/www.cpt.ufpb.br\/biblioteca\/wp-json\/wp\/v2\/comments?post=50"}],"version-history":[{"count":7,"href":"https:\/\/www.cpt.ufpb.br\/biblioteca\/wp-json\/wp\/v2\/pages\/50\/revisions"}],"predecessor-version":[{"id":361,"href":"https:\/\/www.cpt.ufpb.br\/biblioteca\/wp-json\/wp\/v2\/pages\/50\/revisions\/361"}],"wp:attachment":[{"href":"https:\/\/www.cpt.ufpb.br\/biblioteca\/wp-json\/wp\/v2\/media?parent=50"}],"curies":[{"name":"wp","href":"https:\/\/api.w.org\/{rel}","templated":true}]}}