{"id":48,"date":"2025-09-26T10:29:52","date_gmt":"2025-09-26T13:29:52","guid":{"rendered":"https:\/\/www.ufpb.br\/bscpt\/?page_id=48"},"modified":"2025-10-21T10:31:50","modified_gmt":"2025-10-21T13:31:50","slug":"renovacao-online","status":"publish","type":"page","link":"https:\/\/www.cpt.ufpb.br\/biblioteca\/renovacao-online\/","title":{"rendered":"Renova\u00e7\u00e3o online"},"content":{"rendered":"\n<p><\/p>\n\n\n\n<p>A renova\u00e7\u00e3o pode ser feita <strong>uma \u00fanica vez<\/strong>, pelo per\u00edodo de mais 20 dias, se a renova\u00e7\u00e3o for feita at\u00e9 o \u00faltimo dia poss\u00edvel para devolu\u00e7\u00e3o, atrav\u00e9s do SIGAA ou indo pessoalmente na biblioteca. Se existir alguma pend\u00eancia no cadastro, o Sistema n\u00e3o permite fazer a renova\u00e7\u00e3o.<\/p>\n\n\n\n<p><\/p>\n\n\n\n<p><\/p>\n","protected":false},"excerpt":{"rendered":"<p>A renova\u00e7\u00e3o pode ser feita uma \u00fanica vez, pelo per\u00edodo de mais 20 dias, se [&hellip;]<\/p>\n","protected":false},"author":424,"featured_media":0,"parent":0,"menu_order":2,"comment_status":"closed","ping_status":"closed","template":"","meta":{"footnotes":""},"class_list":["post-48","page","type-page","status-publish","hentry"],"_links":{"self":[{"href":"https:\/\/www.cpt.ufpb.br\/biblioteca\/wp-json\/wp\/v2\/pages\/48","targetHints":{"allow":["GET"]}}],"collection":[{"href":"https:\/\/www.cpt.ufpb.br\/biblioteca\/wp-json\/wp\/v2\/pages"}],"about":[{"href":"https:\/\/www.cpt.ufpb.br\/biblioteca\/wp-json\/wp\/v2\/types\/page"}],"author":[{"embeddable":true,"href":"https:\/\/www.cpt.ufpb.br\/biblioteca\/wp-json\/wp\/v2\/users\/424"}],"replies":[{"embeddable":true,"href":"https:\/\/www.cpt.ufpb.br\/biblioteca\/wp-json\/wp\/v2\/comments?post=48"}],"version-history":[{"count":5,"href":"https:\/\/www.cpt.ufpb.br\/biblioteca\/wp-json\/wp\/v2\/pages\/48\/revisions"}],"predecessor-version":[{"id":362,"href":"https:\/\/www.cpt.ufpb.br\/biblioteca\/wp-json\/wp\/v2\/pages\/48\/revisions\/362"}],"wp:attachment":[{"href":"https:\/\/www.cpt.ufpb.br\/biblioteca\/wp-json\/wp\/v2\/media?parent=48"}],"curies":[{"name":"wp","href":"https:\/\/api.w.org\/{rel}","templated":true}]}}