{"id":44,"date":"2025-09-26T10:15:20","date_gmt":"2025-09-26T13:15:20","guid":{"rendered":"https:\/\/www.ufpb.br\/bscpt\/?page_id=44"},"modified":"2025-10-21T09:41:43","modified_gmt":"2025-10-21T12:41:43","slug":"emprestimos-e-renovacao-online","status":"publish","type":"page","link":"https:\/\/www.cpt.ufpb.br\/biblioteca\/emprestimos-e-renovacao-online\/","title":{"rendered":"Empr\u00e9stimos de Livros"},"content":{"rendered":"\n<p><\/p>\n\n\n\n<p>A Biblioteca Setorial do CPT-ETS\/UFPB realiza empr\u00e9stimo domiciliar aos que possuem v\u00ednculo ativo no SIGAA\/UFPB (Discentes, Docentes e T\u00e9cnicos-Administrativos da UFPB).<\/p>\n\n\n\n<h2 class=\"wp-block-heading\"><div class=\"linha-header\"><strong>E<\/strong>mpr\u00e9stimo<\/div><\/h2>\n\n\n\n<p><\/p>\n\n\n\n<p>Para utiliza\u00e7\u00e3o desse servi\u00e7o \u00e9 necess\u00e1rio apresentar documento de identifica\u00e7\u00e3o de car\u00e1ter legal com foto ou carteira de estudante em vigor e a realiza\u00e7\u00e3o do cadastro da senha num\u00e9rica (6 a 8 d\u00edgitos) no <a href=\"https:\/\/sigaa.ufpb.br\/\">SIGAA (Menu Biblioteca &lt; Cadastrar para utilizar os servi\u00e7os da biblioteca).<\/a><\/p>\n\n\n\n<h2 class=\"wp-block-heading\"><div class=\"linha-header\"><strong>Limite de Livros<\/strong><\/div><\/h2>\n\n\n\n<p><\/p>\n\n\n\n<p><strong>Alunos e T\u00e9cnicos-Administrativos<\/strong> &#8211; at\u00e9 06 t\u00edtulos diferentes, somados os empr\u00e9stimos em todas as bibliotecas do Sistema.<\/p>\n\n\n\n<p><strong>Professores<\/strong> &#8211; at\u00e9 10 t\u00edtulos diferentes, somados os empr\u00e9stimos em todas as bibliotecas do Sistema.<\/p>\n\n\n\n<p>Materiais sinalizados com a etiqueta vermelha e com a sigla <strong>SR<\/strong> saem para empr\u00e9stimo apenas por um per\u00edodo de 4 horas. Ultrapassado esse tempo, ser\u00e1 cobrada multa por cada hora de atraso na devolu\u00e7\u00e3o.<\/p>\n\n\n\n<p><\/p>\n","protected":false},"excerpt":{"rendered":"<p>A Biblioteca Setorial do CPT-ETS\/UFPB realiza empr\u00e9stimo domiciliar aos que possuem v\u00ednculo ativo no SIGAA\/UFPB [&hellip;]<\/p>\n","protected":false},"author":424,"featured_media":0,"parent":0,"menu_order":1,"comment_status":"closed","ping_status":"closed","template":"","meta":{"footnotes":""},"class_list":["post-44","page","type-page","status-publish","hentry"],"_links":{"self":[{"href":"https:\/\/www.cpt.ufpb.br\/biblioteca\/wp-json\/wp\/v2\/pages\/44","targetHints":{"allow":["GET"]}}],"collection":[{"href":"https:\/\/www.cpt.ufpb.br\/biblioteca\/wp-json\/wp\/v2\/pages"}],"about":[{"href":"https:\/\/www.cpt.ufpb.br\/biblioteca\/wp-json\/wp\/v2\/types\/page"}],"author":[{"embeddable":true,"href":"https:\/\/www.cpt.ufpb.br\/biblioteca\/wp-json\/wp\/v2\/users\/424"}],"replies":[{"embeddable":true,"href":"https:\/\/www.cpt.ufpb.br\/biblioteca\/wp-json\/wp\/v2\/comments?post=44"}],"version-history":[{"count":6,"href":"https:\/\/www.cpt.ufpb.br\/biblioteca\/wp-json\/wp\/v2\/pages\/44\/revisions"}],"predecessor-version":[{"id":351,"href":"https:\/\/www.cpt.ufpb.br\/biblioteca\/wp-json\/wp\/v2\/pages\/44\/revisions\/351"}],"wp:attachment":[{"href":"https:\/\/www.cpt.ufpb.br\/biblioteca\/wp-json\/wp\/v2\/media?parent=44"}],"curies":[{"name":"wp","href":"https:\/\/api.w.org\/{rel}","templated":true}]}}